{"id":11,"date":"2013-02-24T17:18:29","date_gmt":"2013-02-24T17:18:29","guid":{"rendered":"http:\/\/www.colormedia.com.pl\/?page_id=11"},"modified":"2015-10-07T22:39:31","modified_gmt":"2015-10-07T22:39:31","slug":"design","status":"publish","type":"page","link":"http:\/\/www.colormedia.com.pl\/?page_id=11","title":{"rendered":"wn\u0119trza"},"content":{"rendered":"<p>projektowanie formy, aran\u017cacji wn\u0119trz, design<\/p>\n","protected":false},"excerpt":{"rendered":"<p>projektowanie formy, aran\u017cacji wn\u0119trz, design<\/p>\n","protected":false},"author":1,"featured_media":0,"parent":390,"menu_order":2,"comment_status":"open","ping_status":"open","template":"template-portfolio-m.php","meta":{"footnotes":""},"class_list":["post-11","page","type-page","status-publish","hentry"],"_links":{"self":[{"href":"http:\/\/www.colormedia.com.pl\/index.php?rest_route=\/wp\/v2\/pages\/11","targetHints":{"allow":["GET"]}}],"collection":[{"href":"http:\/\/www.colormedia.com.pl\/index.php?rest_route=\/wp\/v2\/pages"}],"about":[{"href":"http:\/\/www.colormedia.com.pl\/index.php?rest_route=\/wp\/v2\/types\/page"}],"author":[{"embeddable":true,"href":"http:\/\/www.colormedia.com.pl\/index.php?rest_route=\/wp\/v2\/users\/1"}],"replies":[{"embeddable":true,"href":"http:\/\/www.colormedia.com.pl\/index.php?rest_route=%2Fwp%2Fv2%2Fcomments&post=11"}],"version-history":[{"count":5,"href":"http:\/\/www.colormedia.com.pl\/index.php?rest_route=\/wp\/v2\/pages\/11\/revisions"}],"predecessor-version":[{"id":396,"href":"http:\/\/www.colormedia.com.pl\/index.php?rest_route=\/wp\/v2\/pages\/11\/revisions\/396"}],"up":[{"embeddable":true,"href":"http:\/\/www.colormedia.com.pl\/index.php?rest_route=\/wp\/v2\/pages\/390"}],"wp:attachment":[{"href":"http:\/\/www.colormedia.com.pl\/index.php?rest_route=%2Fwp%2Fv2%2Fmedia&parent=11"}],"curies":[{"name":"wp","href":"https:\/\/api.w.org\/{rel}","templated":true}]}}